{"id":43,"date":"2020-08-02T16:43:01","date_gmt":"2020-08-02T16:43:01","guid":{"rendered":"https:\/\/ggg.szczecin.pl\/?page_id=43"},"modified":"2020-08-02T17:57:42","modified_gmt":"2020-08-02T17:57:42","slug":"kontakt","status":"publish","type":"page","link":"https:\/\/ggg.szczecin.pl\/?page_id=43","title":{"rendered":"Kontakt"},"content":{"rendered":"<p><div class=\"et_d4_element et_pb_section et_pb_section_0  et_pb_css_mix_blend_mode et_section_regular et_block_section\" >\n\t\t\t\t\n\t\t\t\t\n\t\t\t\t\n\t\t\t\t\n\t\t\t\t\n\t\t\t\t\n\t\t\t\t<div class=\"et_pb_with_border et_d4_element et_pb_row et_pb_row_0 et_animated  et_pb_css_mix_blend_mode et_block_row\">\n\t\t\t\t<div class=\"et_d4_element et_pb_column_2_5 et_pb_column et_pb_column_0  et_pb_css_mix_blend_mode et_block_column\">\n\t\t\t\t\n\t\t\t\t\n\t\t\t\t\n\t\t\t\t\n\t\t\t\t<div class=\"et_pb_module et_d4_element et_pb_blurb et_pb_blurb_0  et_pb_text_align_left  et_pb_blurb_position_left et_block_module et_pb_bg_layout_light\">\n\t\t\t\t\n\t\t\t\t\n\t\t\t\t\n\t\t\t\t\n\t\t\t\t<div class=\"et_pb_blurb_content\">\n\t\t\t\t\t<div class=\"et_pb_main_blurb_image et_pb_css_mix_blend_mode\"><span class=\"et_pb_image_wrap et_pb_only_image_mode_wrap\"><img loading=\"lazy\" decoding=\"async\" width=\"80\" height=\"80\" src=\"https:\/\/ggg.szczecin.pl\/wp-content\/uploads\/2020\/08\/notary-system-icon-4.png\" alt=\"\" class=\"et-waypoint et_pb_animation_top et_pb_animation_top_tablet et_pb_animation_top_phone wp-image-31\" \/><\/span><\/div>\n\t\t\t\t\t<div class=\"et_pb_blurb_container\">\n\t\t\t\t\t\t<h4 class=\"et_pb_module_header\"><span>telefon<\/span><\/h4>\n\t\t\t\t\t\t<div class=\"et_pb_blurb_description\"><p>+48 (91) 489-63-74<\/p>\n<p>+48 (602) 490-899<\/p><\/div>\n\t\t\t\t\t<\/div>\n\t\t\t\t<\/div>\n\t\t\t<\/div><div class=\"et_pb_module et_d4_element et_pb_blurb et_pb_blurb_1  et_pb_text_align_left  et_pb_blurb_position_left et_block_module et_pb_bg_layout_light\">\n\t\t\t\t\n\t\t\t\t\n\t\t\t\t\n\t\t\t\t\n\t\t\t\t<div class=\"et_pb_blurb_content\">\n\t\t\t\t\t<div class=\"et_pb_main_blurb_image et_pb_css_mix_blend_mode\"><span class=\"et_pb_image_wrap et_pb_only_image_mode_wrap\"><img loading=\"lazy\" decoding=\"async\" width=\"80\" height=\"80\" src=\"https:\/\/ggg.szczecin.pl\/wp-content\/uploads\/2020\/08\/notary-system-icon-3.png\" alt=\"\" class=\"et-waypoint et_pb_animation_top et_pb_animation_top_tablet et_pb_animation_top_phone wp-image-32\" \/><\/span><\/div>\n\t\t\t\t\t<div class=\"et_pb_blurb_container\">\n\t\t\t\t\t\t<h4 class=\"et_pb_module_header\"><span>Email<\/span><\/h4>\n\t\t\t\t\t\t<div class=\"et_pb_blurb_description\"><p>notariusz@ggg.szczecin.pl<\/p><\/div>\n\t\t\t\t\t<\/div>\n\t\t\t\t<\/div>\n\t\t\t<\/div><div class=\"et_pb_module et_d4_element et_pb_blurb et_pb_blurb_2  et_pb_text_align_left  et_pb_blurb_position_left et_block_module et_pb_bg_layout_light\">\n\t\t\t\t\n\t\t\t\t\n\t\t\t\t\n\t\t\t\t\n\t\t\t\t<div class=\"et_pb_blurb_content\">\n\t\t\t\t\t<div class=\"et_pb_main_blurb_image et_pb_css_mix_blend_mode\"><span class=\"et_pb_image_wrap et_pb_only_image_mode_wrap\"><img loading=\"lazy\" decoding=\"async\" width=\"80\" height=\"80\" src=\"https:\/\/ggg.szczecin.pl\/wp-content\/uploads\/2020\/08\/notary-system-icon-2.png\" alt=\"\" class=\"et-waypoint et_pb_animation_top et_pb_animation_top_tablet et_pb_animation_top_phone wp-image-33\" \/><\/span><\/div>\n\t\t\t\t\t<div class=\"et_pb_blurb_container\">\n\t\t\t\t\t\t<h4 class=\"et_pb_module_header\"><span>Adres<\/span><\/h4>\n\t\t\t\t\t\t<div class=\"et_pb_blurb_description\"><p>ul. Kaszubska 53\/2<\/p>\n<p>70-226 Szczecin<\/p><\/div>\n\t\t\t\t\t<\/div>\n\t\t\t\t<\/div>\n\t\t\t<\/div><div class=\"et_pb_module et_d4_element et_pb_blurb et_pb_blurb_3  et_pb_text_align_left  et_pb_blurb_position_left et_block_module et_pb_bg_layout_light\">\n\t\t\t\t\n\t\t\t\t\n\t\t\t\t\n\t\t\t\t\n\t\t\t\t<div class=\"et_pb_blurb_content\">\n\t\t\t\t\t<div class=\"et_pb_main_blurb_image et_pb_css_mix_blend_mode\"><span class=\"et_pb_image_wrap et_pb_only_image_mode_wrap\"><img loading=\"lazy\" decoding=\"async\" width=\"80\" height=\"80\" src=\"https:\/\/ggg.szczecin.pl\/wp-content\/uploads\/2020\/08\/notary-system-icon-1.png\" alt=\"\" class=\"et-waypoint et_pb_animation_top et_pb_animation_top_tablet et_pb_animation_top_phone wp-image-34\" \/><\/span><\/div>\n\t\t\t\t\t<div class=\"et_pb_blurb_container\">\n\t\t\t\t\t\t<h4 class=\"et_pb_module_header\"><span>Godziny pracy<\/span><\/h4>\n\t\t\t\t\t\t<div class=\"et_pb_blurb_description\"><p>Poniedzia\u0142ek- Pi\u0105tek:<br \/>8.00 - 16.00<\/p><\/div>\n\t\t\t\t\t<\/div>\n\t\t\t\t<\/div>\n\t\t\t<\/div>\n\t\t\t<\/div><div class=\"et_d4_element et_pb_column_3_5 et_pb_column et_pb_column_1  et_pb_css_mix_blend_mode et-last-child et_block_column\">\n\t\t\t\t\n\t\t\t\t\n\t\t\t\t\n\t\t\t\t\n\t\t\t\t<div class=\"et_pb_module et_d4_element et_pb_map_0  et_pb_css_mix_blend_mode et_pb_map_container\">\n\t\t\t\t\n\t\t\t\t\n\t\t\t\t\n\t\t\t\t\n\t\t\t\t<div class=\"et_pb_map\" data-center-lat=\"\" data-center-lng=\"\" data-zoom=\"18\" data-mouse-wheel=\"on\" data-mobile-dragging=\"on\"><\/div>\n\t\t\t\t\n\t\t\t<\/div>\n\t\t\t<\/div>\n\t\t\t\t\n\t\t\t\t\n\t\t\t\t\n\t\t\t\t\n\t\t\t<\/div>\n\t\t\t\t\n\t\t\t\t\n\t\t\t<\/div><div class=\"et_d4_element et_pb_section et_pb_section_1  et_pb_css_mix_blend_mode et_section_regular et_block_section\" >\n\t\t\t\t\n\t\t\t\t\n\t\t\t\t\n\t\t\t\t\n\t\t\t\t\n\t\t\t\t\n\t\t\t\t<div class=\"et_d4_element et_pb_row et_pb_row_1  et_pb_css_mix_blend_mode et_block_row\">\n\t\t\t\t<div class=\"et_d4_element et_pb_column_4_4 et_pb_column et_pb_column_2  et_pb_css_mix_blend_mode et-last-child et_block_column\">\n\t\t\t\t\n\t\t\t\t\n\t\t\t\t\n\t\t\t\t\n\t\t\t\t<div class=\"et_pb_module et_d4_element et_pb_text et_pb_text_0  et_pb_text_align_left et_pb_bg_layout_light\">\n\t\t\t\t\n\t\t\t\t\n\t\t\t\t\n\t\t\t\t\n\t\t\t\t<div class=\"et_pb_text_inner\"><h3>Email<\/h3>\n<h2>Wy\u015blij nam wiadomo\u015b\u0107<\/h2><\/div>\n\t\t\t<\/div>\n\t\t\t<div id=\"et_pb_contact_form_0\" class=\"et_pb_with_border et_pb_module et_d4_element et_pb_contact_form_0 et_animated et_pb_contact_form_container clearfix et_block_module\" data-form_unique_num=\"0\" data-form_unique_id=\"\">\n\t\t\t\t\n\t\t\t\t\n\t\t\t\t\n\t\t\t\t\n\t\t\t\t\n\t\t\t\t<div class=\"et-pb-contact-message\"><\/div>\n\t\t\t\t\n\t\t\t\t<div class=\"et_pb_contact\">\n\t\t\t\t\t<form class=\"et_pb_contact_form clearfix\" method=\"post\" action=\"https:\/\/ggg.szczecin.pl\/index.php?rest_route=%2Fwp%2Fv2%2Fpages%2F43\">\n\t\t\t\t\t\t<p class=\"et_d4_element et_pb_contact_field et_pb_contact_field_0 et_pb_contact_field_half\" data-id=\"name\" data-type=\"input\">\n\t\t\t\t\n\t\t\t\t\n\t\t\t\t\n\t\t\t\t\n\t\t\t\t<label for=\"et_pb_contact_name_0\" class=\"et_pb_contact_form_label\">Name<\/label>\n\t\t\t\t<input type=\"text\" id=\"et_pb_contact_name_0\" class=\"input\" value=\"\" name=\"et_pb_contact_name_0\" data-required_mark=\"required\" data-field_type=\"input\" data-original_id=\"name\" placeholder=\"Name\">\n\t\t\t<\/p><p class=\"et_d4_element et_pb_contact_field et_pb_contact_field_1 et_pb_contact_field_half et_pb_contact_field_last\" data-id=\"email\" data-type=\"email\">\n\t\t\t\t\n\t\t\t\t\n\t\t\t\t\n\t\t\t\t\n\t\t\t\t<label for=\"et_pb_contact_email_0\" class=\"et_pb_contact_form_label\">Email Address<\/label>\n\t\t\t\t<input type=\"text\" id=\"et_pb_contact_email_0\" class=\"input\" value=\"\" name=\"et_pb_contact_email_0\" data-required_mark=\"required\" data-field_type=\"email\" data-original_id=\"email\" placeholder=\"Email Address\">\n\t\t\t<\/p><p class=\"et_d4_element et_pb_contact_field et_pb_contact_field_2 et_pb_contact_field_last\" data-id=\"subject\" data-type=\"select\">\n\t\t\t\t\n\t\t\t\t\n\t\t\t\t\n\t\t\t\t\n\t\t\t\t<label for=\"et_pb_contact_subject_0\" class=\"et_pb_contact_form_label\">Email Address<\/label>\n\t\t\t\t<select id=\"et_pb_contact_subject_0\" class=\"et_pb_contact_select input\" name=\"et_pb_contact_subject_0\" data-required_mark=\"required\" data-field_type=\"select\" data-original_id=\"subject\">\n\t\t\t\t\t\t<option value=\"\">Email Address<\/option><option value=\"Loan Signing\">Loan Signing<\/option><option value=\"Mobile Notary\">Mobile Notary<\/option><option value=\"Apostille Order Form\">Apostille Order Form<\/option>\n\t\t\t\t\t<\/select>\n\t\t\t<\/p><p class=\"et_d4_element et_pb_contact_field et_pb_contact_field_3 et_pb_contact_field_last\" data-id=\"message\" data-type=\"text\">\n\t\t\t\t\n\t\t\t\t\n\t\t\t\t\n\t\t\t\t\n\t\t\t\t<label for=\"et_pb_contact_message_0\" class=\"et_pb_contact_form_label\">Message<\/label>\n\t\t\t\t<textarea name=\"et_pb_contact_message_0\" id=\"et_pb_contact_message_0\" class=\"et_pb_contact_message input\" data-required_mark=\"required\" data-field_type=\"text\" data-original_id=\"message\" placeholder=\"Message\"><\/textarea>\n\t\t\t<\/p>\n\t\t\t\t\t\t<input type=\"hidden\" value=\"et_contact_proccess\" name=\"et_pb_contactform_submit_0\"\/>\n\t\t\t\t\t\t<div class=\"et_contact_bottom_container\">\n\t\t\t\t\t\t\t\n\t\t\t\t\t\t\t<button type=\"submit\" name=\"et_builder_submit_button\" class=\"et_pb_contact_submit et_pb_button\">Wy\u015blij<\/button>\n\t\t\t\t\t\t<\/div>\n\t\t\t\t\t\t<input type=\"hidden\" id=\"_wpnonce-et-pb-contact-form-submitted-0\" name=\"_wpnonce-et-pb-contact-form-submitted-0\" value=\"7485023b73\" \/><input type=\"hidden\" name=\"_wp_http_referer\" value=\"\/index.php?rest_route=%2Fwp%2Fv2%2Fpages%2F43\" \/>\n\t\t\t\t\t<\/form>\n\t\t\t\t<\/div>\n\t\t\t<\/div>\n\t\t\t\n\t\t\t<\/div>\n\t\t\t\t\n\t\t\t\t\n\t\t\t\t\n\t\t\t\t\n\t\t\t<\/div>\n\t\t\t\t\n\t\t\t\t\n\t\t\t<\/div><div class=\"et_d4_element et_pb_section et_pb_section_2 et_pb_with_background  et_pb_css_mix_blend_mode et_section_regular et_block_section\" >\n\t\t\t\t\n\t\t\t\t\n\t\t\t\t\n\t\t\t\t\n\t\t\t\t\n\t\t\t\t\n\t\t\t\t<div class=\"et_d4_element et_pb_row et_pb_row_2  et_pb_css_mix_blend_mode et_block_row\">\n\t\t\t\t<div class=\"et_d4_element et_pb_column_1_2 et_pb_column et_pb_column_3  et_pb_css_mix_blend_mode et_block_column\">\n\t\t\t\t\n\t\t\t\t\n\t\t\t\t\n\t\t\t\t\n\t\t\t\t<div class=\"et_pb_module et_d4_element et_pb_text et_pb_text_1  et_pb_text_align_left et_pb_bg_layout_light\">\n\t\t\t\t\n\t\t\t\t\n\t\t\t\t\n\t\t\t\t\n\t\t\t\t<div class=\"et_pb_text_inner\"><h3>F.A.Q.<\/h3>\n<h2>Common Questions<\/h2><\/div>\n\t\t\t<\/div><div class=\"et_pb_module et_d4_element et_pb_toggle et_pb_toggle_0 et_animated et_pb_toggle_item  et_pb_toggle_close\">\n\t\t\t\t\n\t\t\t\t\n\t\t\t\t\n\t\t\t\t\n\t\t\t\t<h5 class=\"et_pb_toggle_title\">porttitor at sem. Donec sollicitudin?<\/h5>\n\t\t\t\t<div class=\"et_pb_toggle_content clearfix\">Your content goes here. Edit or remove this text inline or in the module Content settings. You can also style every aspect of this content in the module Design settings and even apply custom CSS to this text in the module Advanced settings.<\/div>\n\t\t\t<\/div><div class=\"et_pb_module et_d4_element et_pb_toggle et_pb_toggle_1 et_animated et_pb_toggle_item  et_pb_toggle_close\">\n\t\t\t\t\n\t\t\t\t\n\t\t\t\t\n\t\t\t\t\n\t\t\t\t<h5 class=\"et_pb_toggle_title\">Vivamus suscipit tortor eget felis porttitor volutpat?<\/h5>\n\t\t\t\t<div class=\"et_pb_toggle_content clearfix\">Your content goes here. Edit or remove this text inline or in the module Content settings. You can also style every aspect of this content in the module Design settings and even apply custom CSS to this text in the module Advanced settings.<\/div>\n\t\t\t<\/div><div class=\"et_pb_module et_d4_element et_pb_toggle et_pb_toggle_2 et_animated et_pb_toggle_item  et_pb_toggle_close\">\n\t\t\t\t\n\t\t\t\t\n\t\t\t\t\n\t\t\t\t\n\t\t\t\t<h5 class=\"et_pb_toggle_title\">porttitor at sem. Donec sollicitudin?<\/h5>\n\t\t\t\t<div class=\"et_pb_toggle_content clearfix\">Your content goes here. Edit or remove this text inline or in the module Content settings. You can also style every aspect of this content in the module Design settings and even apply custom CSS to this text in the module Advanced settings.<\/div>\n\t\t\t<\/div><div class=\"et_pb_module et_d4_element et_pb_toggle et_pb_toggle_3 et_animated et_pb_toggle_item  et_pb_toggle_close\">\n\t\t\t\t\n\t\t\t\t\n\t\t\t\t\n\t\t\t\t\n\t\t\t\t<h5 class=\"et_pb_toggle_title\">Vivamus suscipit tortor eget felis porttitor volutpat?<\/h5>\n\t\t\t\t<div class=\"et_pb_toggle_content clearfix\">Your content goes here. Edit or remove this text inline or in the module Content settings. You can also style every aspect of this content in the module Design settings and even apply custom CSS to this text in the module Advanced settings.<\/div>\n\t\t\t<\/div>\n\t\t\t<\/div><div class=\"et_d4_element et_pb_column_1_2 et_pb_column et_pb_column_4  et_pb_css_mix_blend_mode et-last-child et_block_column\">\n\t\t\t\t\n\t\t\t\t\n\t\t\t\t\n\t\t\t\t\n\t\t\t\t<div class=\"et_pb_module et_d4_element et_pb_toggle et_pb_toggle_4 et_animated et_pb_toggle_item  et_pb_toggle_open\">\n\t\t\t\t\n\t\t\t\t\n\t\t\t\t\n\t\t\t\t\n\t\t\t\t<h5 class=\"et_pb_toggle_title\">Curabitur non nulla sit amet nisl tempus convallis quis ac lectus.<\/h5>\n\t\t\t\t<div class=\"et_pb_toggle_content clearfix\">Vestibulum ac diam sit amet quam vehicula elementum sed sit amet dui. Vivamus magna justo, lacinia eget consectetur sed, convallis at tellus. Quisque velit nisi, pretium ut lacinia in<\/div>\n\t\t\t<\/div><div class=\"et_pb_module et_d4_element et_pb_toggle et_pb_toggle_5 et_animated et_pb_toggle_item  et_pb_toggle_close\">\n\t\t\t\t\n\t\t\t\t\n\t\t\t\t\n\t\t\t\t\n\t\t\t\t<h5 class=\"et_pb_toggle_title\">Mauris blandit aliquet incidunt nibh?<\/h5>\n\t\t\t\t<div class=\"et_pb_toggle_content clearfix\">Your content goes here. Edit or remove this text inline or in the module Content settings. You can also style every aspect of this content in the module Design settings and even apply custom CSS to this text in the module Advanced settings.<\/div>\n\t\t\t<\/div>\n\t\t\t<\/div>\n\t\t\t\t\n\t\t\t\t\n\t\t\t\t\n\t\t\t\t\n\t\t\t<\/div>\n\t\t\t\t\n\t\t\t\t\n\t\t\t<\/div><div class=\"et_d4_element et_pb_section et_pb_section_3 et_pb_with_background  et_pb_css_mix_blend_mode et_section_regular et_block_section\" >\n\t\t\t\t\n\t\t\t\t\n\t\t\t\t\n\t\t\t\t\n\t\t\t\t\n\t\t\t\t\n\t\t\t\t<div class=\"et_d4_element et_pb_row et_pb_row_3  et_pb_css_mix_blend_mode et_block_row\">\n\t\t\t\t<div class=\"et_d4_element et_pb_column_4_4 et_pb_column et_pb_column_5  et_pb_css_mix_blend_mode et-last-child et_block_column\">\n\t\t\t\t\n\t\t\t\t\n\t\t\t\t\n\t\t\t\t\n\t\t\t\t<div class=\"et_pb_module et_d4_element et_pb_text et_pb_text_2  et_pb_text_align_center et_pb_bg_layout_dark\">\n\t\t\t\t\n\t\t\t\t\n\t\t\t\t\n\t\t\t\t\n\t\t\t\t<div class=\"et_pb_text_inner\"><h3>Notary &amp; Apostille<\/h3>\n<h1>Certified Notary Public Services<\/h1><\/div>\n\t\t\t<\/div><div class=\"et_pb_module et_d4_element et_pb_divider et_pb_divider_0 et_pb_space\"><div class=\"et_pb_divider_internal\"><\/div><\/div><div class=\"et_pb_module et_d4_element et_pb_text et_pb_text_3  et_pb_text_align_center et_pb_bg_layout_dark\">\n\t\t\t\t\n\t\t\t\t\n\t\t\t\t\n\t\t\t\t\n\t\t\t\t<div class=\"et_pb_text_inner\">Curabitur arcu erat, accumsan id imperdiet et, porttitor at sem. Cras ultricies ligula sed dictum porta. Lorem ipsum dolor sit amet, consectetur adipiscing elit. Curabitur non nulla sit amet nisl tempus convallis quis ac lectus.\u00a0Curabitur arcu erat, accumsan id imperdiet et<\/div>\n\t\t\t<\/div><div class=\"et_pb_button_module_wrapper et_pb_button_0_wrapper et_pb_button_alignment_center et_pb_module \">\n\t\t\t\t<a class=\"et_pb_button et_d4_element et_pb_button_0 et_hover_enabled et_pb_bg_layout_light et_block_module\" href=\"\">View Our Services<\/a>\n\t\t\t<\/div>\n\t\t\t<\/div>\n\t\t\t\t\n\t\t\t\t\n\t\t\t\t\n\t\t\t\t\n\t\t\t<\/div>\n\t\t\t\t\n\t\t\t\t\n\t\t\t<\/div><\/p>\n","protected":false},"excerpt":{"rendered":"","protected":false},"author":1,"featured_media":0,"parent":0,"menu_order":0,"comment_status":"closed","ping_status":"closed","template":"","meta":{"ngg_post_thumbnail":0,"_et_pb_use_builder":"on","_et_pb_old_content":"","_et_gb_content_width":"","footnotes":""},"class_list":["post-43","page","type-page","status-publish","hentry"],"_links":{"self":[{"href":"https:\/\/ggg.szczecin.pl\/index.php?rest_route=\/wp\/v2\/pages\/43","targetHints":{"allow":["GET"]}}],"collection":[{"href":"https:\/\/ggg.szczecin.pl\/index.php?rest_route=\/wp\/v2\/pages"}],"about":[{"href":"https:\/\/ggg.szczecin.pl\/index.php?rest_route=\/wp\/v2\/types\/page"}],"author":[{"embeddable":true,"href":"https:\/\/ggg.szczecin.pl\/index.php?rest_route=\/wp\/v2\/users\/1"}],"replies":[{"embeddable":true,"href":"https:\/\/ggg.szczecin.pl\/index.php?rest_route=%2Fwp%2Fv2%2Fcomments&post=43"}],"version-history":[{"count":8,"href":"https:\/\/ggg.szczecin.pl\/index.php?rest_route=\/wp\/v2\/pages\/43\/revisions"}],"predecessor-version":[{"id":57,"href":"https:\/\/ggg.szczecin.pl\/index.php?rest_route=\/wp\/v2\/pages\/43\/revisions\/57"}],"wp:attachment":[{"href":"https:\/\/ggg.szczecin.pl\/index.php?rest_route=%2Fwp%2Fv2%2Fmedia&parent=43"}],"curies":[{"name":"wp","href":"https:\/\/api.w.org\/{rel}","templated":true}]}}